{"id":18528,"date":"2025-11-07T12:01:00","date_gmt":"2025-11-07T15:01:00","guid":{"rendered":"https:\/\/cappuccinodelizia.com.br\/?post_type=product&#038;p=18528"},"modified":"2025-11-11T12:04:48","modified_gmt":"2025-11-11T15:04:48","slug":"cappuccino-delizia-pacoca-40g","status":"publish","type":"product","link":"https:\/\/cappuccinodelizia.com.br\/en\/product\/cappuccino-delizia-pacoca-40g\/","title":{"rendered":"Cappuccino Delizia Pa\u00e7oca &#8211; 40g"},"content":{"rendered":"<p>Uma experi\u00eancia inspirada no sabor de pa\u00e7oca que encanta o Brasil, cremoso e com pedacinhos de amendoim.<\/p>\n<p>Vers\u00e3o compacta que rende uma x\u00edcara de 200ml e para preparar \u00e9 s\u00f3 misturar o conte\u00fado do pacote com \u00e1gua ou leite quente.<\/p>","protected":false},"excerpt":{"rendered":"<p>Uma experi\u00eancia inspirada no sabor de pa\u00e7oca que encanta o Brasil, cremoso e com pedacinhos de amendoim.<\/p>","protected":false},"featured_media":18573,"comment_status":"open","ping_status":"closed","template":"","meta":[],"product_brand":[179],"product_cat":[74],"product_tag":[180,186],"class_list":{"0":"post-18528","1":"product","2":"type-product","3":"status-publish","4":"has-post-thumbnail","6":"product_brand-cappuccino-delizia","7":"product_cat-cappuccinos","8":"product_tag-cappuccino","9":"product_tag-pacoca","10":"product_shipping_class-nacional","12":"first","13":"instock","14":"shipping-taxable","15":"purchasable","16":"product-type-simple"},"yoast_head":"<!-- This site is optimized with the Yoast SEO plugin v27.5 - https:\/\/yoast.com\/product\/yoast-seo-wordpress\/ -->\n<title>Cappuccino Delizia Pa\u00e7oca - 40g - Cappuccino Delizia<\/title>\n<meta name=\"description\" content=\"Uma experi\u00eancia inspirada no sabor de pa\u00e7oca que encanta o Brasil, cremoso e com pedacinhos de amendoim.\" \/>\n<meta name=\"robots\" content=\"index, follow, max-snippet:-1, max-image-preview:large, max-video-preview:-1\" \/>\n<link rel=\"canonical\" href=\"https:\/\/cappuccinodelizia.com.br\/en\/product\/cappuccino-delizia-pacoca-40g\/\" \/>\n<meta property=\"og:locale\" content=\"en_US\" \/>\n<meta property=\"og:type\" content=\"article\" \/>\n<meta property=\"og:title\" content=\"Cappuccino Delizia Pa\u00e7oca - 40g - Cappuccino Delizia\" \/>\n<meta property=\"og:description\" content=\"Uma experi\u00eancia inspirada no sabor de pa\u00e7oca que encanta o Brasil, cremoso e com pedacinhos de amendoim.\" \/>\n<meta property=\"og:url\" content=\"https:\/\/cappuccinodelizia.com.br\/en\/product\/cappuccino-delizia-pacoca-40g\/\" \/>\n<meta property=\"og:site_name\" content=\"Cappuccino Delizia\" \/>\n<meta property=\"article:modified_time\" content=\"2025-11-11T15:04:48+00:00\" \/>\n<meta property=\"og:image\" content=\"https:\/\/cappuccinodelizia.com.br\/wp-content\/uploads\/2025\/11\/pacoca-40.jpg\" \/>\n\t<meta property=\"og:image:width\" content=\"576\" \/>\n\t<meta property=\"og:image:height\" content=\"1089\" \/>\n\t<meta property=\"og:image:type\" content=\"image\/jpeg\" \/>\n<meta name=\"twitter:card\" content=\"summary_large_image\" \/>\n<meta name=\"twitter:label1\" content=\"Est. reading time\" \/>\n\t<meta name=\"twitter:data1\" content=\"1 minute\" \/>\n<script type=\"application\/ld+json\" class=\"yoast-schema-graph\">{\"@context\":\"https:\\\/\\\/schema.org\",\"@graph\":[{\"@type\":\"WebPage\",\"@id\":\"https:\\\/\\\/cappuccinodelizia.com.br\\\/produto\\\/cappuccino-delizia-pacoca-40g\\\/\",\"url\":\"https:\\\/\\\/cappuccinodelizia.com.br\\\/produto\\\/cappuccino-delizia-pacoca-40g\\\/\",\"name\":\"Cappuccino Delizia Pa\u00e7oca - 40g - Cappuccino Delizia\",\"isPartOf\":{\"@id\":\"https:\\\/\\\/cappuccinodelizia.com.br\\\/#website\"},\"primaryImageOfPage\":{\"@id\":\"https:\\\/\\\/cappuccinodelizia.com.br\\\/produto\\\/cappuccino-delizia-pacoca-40g\\\/#primaryimage\"},\"image\":{\"@id\":\"https:\\\/\\\/cappuccinodelizia.com.br\\\/produto\\\/cappuccino-delizia-pacoca-40g\\\/#primaryimage\"},\"thumbnailUrl\":\"https:\\\/\\\/cappuccinodelizia.com.br\\\/wp-content\\\/uploads\\\/2025\\\/11\\\/pacoca-40.jpg\",\"datePublished\":\"2025-11-07T15:01:00+00:00\",\"dateModified\":\"2025-11-11T15:04:48+00:00\",\"description\":\"Uma experi\u00eancia inspirada no sabor de pa\u00e7oca que encanta o Brasil, cremoso e com pedacinhos de amendoim.\",\"breadcrumb\":{\"@id\":\"https:\\\/\\\/cappuccinodelizia.com.br\\\/produto\\\/cappuccino-delizia-pacoca-40g\\\/#breadcrumb\"},\"inLanguage\":\"en-US\",\"potentialAction\":[{\"@type\":\"ReadAction\",\"target\":[\"https:\\\/\\\/cappuccinodelizia.com.br\\\/produto\\\/cappuccino-delizia-pacoca-40g\\\/\"]}]},{\"@type\":\"ImageObject\",\"inLanguage\":\"en-US\",\"@id\":\"https:\\\/\\\/cappuccinodelizia.com.br\\\/produto\\\/cappuccino-delizia-pacoca-40g\\\/#primaryimage\",\"url\":\"https:\\\/\\\/cappuccinodelizia.com.br\\\/wp-content\\\/uploads\\\/2025\\\/11\\\/pacoca-40.jpg\",\"contentUrl\":\"https:\\\/\\\/cappuccinodelizia.com.br\\\/wp-content\\\/uploads\\\/2025\\\/11\\\/pacoca-40.jpg\",\"width\":576,\"height\":1089},{\"@type\":\"BreadcrumbList\",\"@id\":\"https:\\\/\\\/cappuccinodelizia.com.br\\\/produto\\\/cappuccino-delizia-pacoca-40g\\\/#breadcrumb\",\"itemListElement\":[{\"@type\":\"ListItem\",\"position\":1,\"name\":\"In\u00edcio\",\"item\":\"https:\\\/\\\/cappuccinodelizia.com.br\\\/\"},{\"@type\":\"ListItem\",\"position\":2,\"name\":\"Nossos Produtos\",\"item\":\"https:\\\/\\\/cappuccinodelizia.com.br\\\/shop\\\/\"},{\"@type\":\"ListItem\",\"position\":3,\"name\":\"Cappuccino Delizia Pa\u00e7oca &#8211; 40g\"}]},{\"@type\":\"WebSite\",\"@id\":\"https:\\\/\\\/cappuccinodelizia.com.br\\\/#website\",\"url\":\"https:\\\/\\\/cappuccinodelizia.com.br\\\/\",\"name\":\"Cappuccino Delizia\",\"description\":\"Felicidade \u00e9 uma x\u00edcara de cappuccino quentinha!\",\"publisher\":{\"@id\":\"https:\\\/\\\/cappuccinodelizia.com.br\\\/#organization\"},\"potentialAction\":[{\"@type\":\"SearchAction\",\"target\":{\"@type\":\"EntryPoint\",\"urlTemplate\":\"https:\\\/\\\/cappuccinodelizia.com.br\\\/?s={search_term_string}\"},\"query-input\":{\"@type\":\"PropertyValueSpecification\",\"valueRequired\":true,\"valueName\":\"search_term_string\"}}],\"inLanguage\":\"en-US\"},{\"@type\":\"Organization\",\"@id\":\"https:\\\/\\\/cappuccinodelizia.com.br\\\/#organization\",\"name\":\"Cappuccino Delizia\",\"url\":\"https:\\\/\\\/cappuccinodelizia.com.br\\\/\",\"logo\":{\"@type\":\"ImageObject\",\"inLanguage\":\"en-US\",\"@id\":\"https:\\\/\\\/cappuccinodelizia.com.br\\\/#\\\/schema\\\/logo\\\/image\\\/\",\"url\":\"https:\\\/\\\/cappuccinodelizia.com.br\\\/wp-content\\\/uploads\\\/2025\\\/10\\\/logo-transparente.png\",\"contentUrl\":\"https:\\\/\\\/cappuccinodelizia.com.br\\\/wp-content\\\/uploads\\\/2025\\\/10\\\/logo-transparente.png\",\"width\":306,\"height\":340,\"caption\":\"Cappuccino Delizia\"},\"image\":{\"@id\":\"https:\\\/\\\/cappuccinodelizia.com.br\\\/#\\\/schema\\\/logo\\\/image\\\/\"},\"sameAs\":[\"https:\\\/\\\/www.instagram.com\\\/cappuccino_delizia\\\/\"]}]}<\/script>\n<!-- \/ Yoast SEO plugin. -->","yoast_head_json":{"title":"Cappuccino Delizia Pa\u00e7oca - 40g - Cappuccino Delizia","description":"Uma experi\u00eancia inspirada no sabor de pa\u00e7oca que encanta o Brasil, cremoso e com pedacinhos de amendoim.","robots":{"index":"index","follow":"follow","max-snippet":"max-snippet:-1","max-image-preview":"max-image-preview:large","max-video-preview":"max-video-preview:-1"},"canonical":"https:\/\/cappuccinodelizia.com.br\/en\/product\/cappuccino-delizia-pacoca-40g\/","og_locale":"en_US","og_type":"article","og_title":"Cappuccino Delizia Pa\u00e7oca - 40g - Cappuccino Delizia","og_description":"Uma experi\u00eancia inspirada no sabor de pa\u00e7oca que encanta o Brasil, cremoso e com pedacinhos de amendoim.","og_url":"https:\/\/cappuccinodelizia.com.br\/en\/product\/cappuccino-delizia-pacoca-40g\/","og_site_name":"Cappuccino Delizia","article_modified_time":"2025-11-11T15:04:48+00:00","og_image":[{"width":576,"height":1089,"url":"https:\/\/cappuccinodelizia.com.br\/wp-content\/uploads\/2025\/11\/pacoca-40.jpg","type":"image\/jpeg"}],"twitter_card":"summary_large_image","twitter_misc":{"Est. reading time":"1 minute"},"schema":{"@context":"https:\/\/schema.org","@graph":[{"@type":"WebPage","@id":"https:\/\/cappuccinodelizia.com.br\/produto\/cappuccino-delizia-pacoca-40g\/","url":"https:\/\/cappuccinodelizia.com.br\/produto\/cappuccino-delizia-pacoca-40g\/","name":"Cappuccino Delizia Pa\u00e7oca - 40g - Cappuccino Delizia","isPartOf":{"@id":"https:\/\/cappuccinodelizia.com.br\/#website"},"primaryImageOfPage":{"@id":"https:\/\/cappuccinodelizia.com.br\/produto\/cappuccino-delizia-pacoca-40g\/#primaryimage"},"image":{"@id":"https:\/\/cappuccinodelizia.com.br\/produto\/cappuccino-delizia-pacoca-40g\/#primaryimage"},"thumbnailUrl":"https:\/\/cappuccinodelizia.com.br\/wp-content\/uploads\/2025\/11\/pacoca-40.jpg","datePublished":"2025-11-07T15:01:00+00:00","dateModified":"2025-11-11T15:04:48+00:00","description":"Uma experi\u00eancia inspirada no sabor de pa\u00e7oca que encanta o Brasil, cremoso e com pedacinhos de amendoim.","breadcrumb":{"@id":"https:\/\/cappuccinodelizia.com.br\/produto\/cappuccino-delizia-pacoca-40g\/#breadcrumb"},"inLanguage":"en-US","potentialAction":[{"@type":"ReadAction","target":["https:\/\/cappuccinodelizia.com.br\/produto\/cappuccino-delizia-pacoca-40g\/"]}]},{"@type":"ImageObject","inLanguage":"en-US","@id":"https:\/\/cappuccinodelizia.com.br\/produto\/cappuccino-delizia-pacoca-40g\/#primaryimage","url":"https:\/\/cappuccinodelizia.com.br\/wp-content\/uploads\/2025\/11\/pacoca-40.jpg","contentUrl":"https:\/\/cappuccinodelizia.com.br\/wp-content\/uploads\/2025\/11\/pacoca-40.jpg","width":576,"height":1089},{"@type":"BreadcrumbList","@id":"https:\/\/cappuccinodelizia.com.br\/produto\/cappuccino-delizia-pacoca-40g\/#breadcrumb","itemListElement":[{"@type":"ListItem","position":1,"name":"In\u00edcio","item":"https:\/\/cappuccinodelizia.com.br\/"},{"@type":"ListItem","position":2,"name":"Nossos Produtos","item":"https:\/\/cappuccinodelizia.com.br\/shop\/"},{"@type":"ListItem","position":3,"name":"Cappuccino Delizia Pa\u00e7oca &#8211; 40g"}]},{"@type":"WebSite","@id":"https:\/\/cappuccinodelizia.com.br\/#website","url":"https:\/\/cappuccinodelizia.com.br\/","name":"Cappuccino Delizia","description":"Felicidade \u00e9 uma x\u00edcara de cappuccino quentinha!","publisher":{"@id":"https:\/\/cappuccinodelizia.com.br\/#organization"},"potentialAction":[{"@type":"SearchAction","target":{"@type":"EntryPoint","urlTemplate":"https:\/\/cappuccinodelizia.com.br\/?s={search_term_string}"},"query-input":{"@type":"PropertyValueSpecification","valueRequired":true,"valueName":"search_term_string"}}],"inLanguage":"en-US"},{"@type":"Organization","@id":"https:\/\/cappuccinodelizia.com.br\/#organization","name":"Cappuccino Delizia","url":"https:\/\/cappuccinodelizia.com.br\/","logo":{"@type":"ImageObject","inLanguage":"en-US","@id":"https:\/\/cappuccinodelizia.com.br\/#\/schema\/logo\/image\/","url":"https:\/\/cappuccinodelizia.com.br\/wp-content\/uploads\/2025\/10\/logo-transparente.png","contentUrl":"https:\/\/cappuccinodelizia.com.br\/wp-content\/uploads\/2025\/10\/logo-transparente.png","width":306,"height":340,"caption":"Cappuccino Delizia"},"image":{"@id":"https:\/\/cappuccinodelizia.com.br\/#\/schema\/logo\/image\/"},"sameAs":["https:\/\/www.instagram.com\/cappuccino_delizia\/"]}]}},"_links":{"self":[{"href":"https:\/\/cappuccinodelizia.com.br\/en\/wp-json\/wp\/v2\/product\/18528","targetHints":{"allow":["GET"]}}],"collection":[{"href":"https:\/\/cappuccinodelizia.com.br\/en\/wp-json\/wp\/v2\/product"}],"about":[{"href":"https:\/\/cappuccinodelizia.com.br\/en\/wp-json\/wp\/v2\/types\/product"}],"replies":[{"embeddable":true,"href":"https:\/\/cappuccinodelizia.com.br\/en\/wp-json\/wp\/v2\/comments?post=18528"}],"wp:featuredmedia":[{"embeddable":true,"href":"https:\/\/cappuccinodelizia.com.br\/en\/wp-json\/wp\/v2\/media\/18573"}],"wp:attachment":[{"href":"https:\/\/cappuccinodelizia.com.br\/en\/wp-json\/wp\/v2\/media?parent=18528"}],"wp:term":[{"taxonomy":"product_brand","embeddable":true,"href":"https:\/\/cappuccinodelizia.com.br\/en\/wp-json\/wp\/v2\/product_brand?post=18528"},{"taxonomy":"product_cat","embeddable":true,"href":"https:\/\/cappuccinodelizia.com.br\/en\/wp-json\/wp\/v2\/product_cat?post=18528"},{"taxonomy":"product_tag","embeddable":true,"href":"https:\/\/cappuccinodelizia.com.br\/en\/wp-json\/wp\/v2\/product_tag?post=18528"}],"curies":[{"name":"wp","href":"https:\/\/api.w.org\/{rel}","templated":true}]}}